{"id":2971,"date":"2023-05-21T20:47:05","date_gmt":"2023-05-21T17:47:05","guid":{"rendered":"https:\/\/www.goniz-rentalcar.gr\/faqs\/"},"modified":"2023-06-22T20:51:22","modified_gmt":"2023-06-22T17:51:22","slug":"faqs","status":"publish","type":"page","link":"https:\/\/www.goniz-rentalcar.gr\/de\/faqs\/","title":{"rendered":"(FAQS)"},"content":{"rendered":"<div class=\"fusion-fullwidth fullwidth-box fusion-builder-row-1 fusion-flex-container has-pattern-background has-mask-background nonhundred-percent-fullwidth non-hundred-percent-height-scrolling\" style=\"--awb-border-radius-top-left:0px;--awb-border-radius-top-right:0px;--awb-border-radius-bottom-right:0px;--awb-border-radius-bottom-left:0px;--awb-flex-wrap:wrap;\" ><div class=\"fusion-builder-row fusion-row fusion-flex-align-items-flex-start fusion-flex-content-wrap\" style=\"max-width:1393.6px;margin-left: calc(-4% \/ 2 );margin-right: calc(-4% \/ 2 );\"><div class=\"fusion-layout-column fusion_builder_column fusion-builder-column-0 fusion_builder_column_1_1 1_1 fusion-flex-column\" style=\"--awb-bg-size:cover;--awb-width-large:100%;--awb-margin-top-large:0px;--awb-spacing-right-large:1.92%;--awb-margin-bottom-large:20px;--awb-spacing-left-large:1.92%;--awb-width-medium:100%;--awb-order-medium:0;--awb-spacing-right-medium:1.92%;--awb-spacing-left-medium:1.92%;--awb-width-small:100%;--awb-order-small:0;--awb-spacing-right-small:1.92%;--awb-spacing-left-small:1.92%;\"><div class=\"fusion-column-wrapper fusion-column-has-shadow fusion-flex-justify-content-flex-start fusion-content-layout-column\"><div class=\"fusion-separator fusion-full-width-sep\" style=\"align-self: center;margin-left: auto;margin-right: auto;margin-top:50px;width:100%;\"><\/div><div class=\"fusion-title title fusion-title-1 fusion-title-text fusion-title-size-one\" style=\"--awb-font-size:32px;\"><div class=\"title-sep-container title-sep-container-left fusion-no-large-visibility fusion-no-medium-visibility fusion-no-small-visibility\"><div class=\"title-sep sep-single sep-dashed\" style=\"border-color:var(--awb-color3);\"><\/div><\/div><span class=\"awb-title-spacer fusion-no-large-visibility fusion-no-medium-visibility fusion-no-small-visibility\"><\/span><h1 class=\"fusion-title-heading title-heading-left\" style=\"margin:0;text-transform:capitalize;font-size:1em;text-shadow:0px;\"><h2 style=\"text-align: center;\">H\u00e4ufig gestellte fragen zur Autovermietung<\/h2><\/h1><span class=\"awb-title-spacer\"><\/span><div class=\"title-sep-container title-sep-container-right\"><div class=\"title-sep sep-single sep-dashed\" style=\"border-color:var(--awb-color3);\"><\/div><\/div><\/div><div class=\"accordian fusion-accordian\" style=\"--awb-border-size:2px;--awb-icon-size:21px;--awb-content-font-size:var(--awb-typography2-font-size);--awb-content-letter-spacing:var(--awb-typography2-letter-spacing);--awb-content-text-transform:var(--awb-typography2-text-transform);--awb-content-line-height:var(--awb-typography2-line-height);--awb-icon-alignment:right;--awb-hover-color:var(--awb-color3);--awb-border-color:var(--awb-color3);--awb-background-color:var(--awb-color2);--awb-divider-color:var(--awb-color3);--awb-divider-hover-color:var(--awb-color3);--awb-icon-color:#ffffff;--awb-title-color:#2364c4;--awb-content-color:var(--awb-color8);--awb-icon-box-color:var(--awb-color8);--awb-toggle-hover-accent-color:var(--awb-color8);--awb-toggle-active-accent-color:var(--awb-color8);--awb-title-font-family:var(--awb-typography2-font-family);--awb-title-font-weight:var(--awb-typography2-font-weight);--awb-title-font-style:var(--awb-typography2-font-style);--awb-title-font-size:var(--awb-typography2-font-size);--awb-title-letter-spacing:var(--awb-typography2-letter-spacing);--awb-title-line-height:var(--awb-typography2-line-height);--awb-title-text-transform:var(--awb-typography2-text-transform);--awb-content-font-family:var(--awb-typography2-font-family);--awb-content-font-weight:var(--awb-typography2-font-weight);--awb-content-font-style:var(--awb-typography2-font-style);\"><div class=\"panel-group fusion-toggle-icon-right fusion-toggle-icon-boxed\" id=\"accordion-2971-1\"><div class=\"fusion-panel panel-default panel-9ee65f60b0d9b0607 fusion-toggle-has-divider\" style=\"--awb-title-color:var(--awb-color4);--awb-content-color:var(--awb-color8);\"><div class=\"panel-heading\"><h4 class=\"panel-title toggle\" id=\"toggle_9ee65f60b0d9b0607\"><a aria-expanded=\"false\" aria-controls=\"9ee65f60b0d9b0607\" role=\"button\" data-toggle=\"collapse\" data-parent=\"#accordion-2971-1\" data-target=\"#9ee65f60b0d9b0607\" href=\"#9ee65f60b0d9b0607\"><span class=\"fusion-toggle-icon-wrapper\" aria-hidden=\"true\"><i class=\"fa-fusion-box active-icon fa-arrow-alt-circle-down far\" aria-hidden=\"true\"><\/i><i class=\"fa-fusion-box inactive-icon fa-arrow-alt-circle-up far\" aria-hidden=\"true\"><\/i><\/span><span class=\"fusion-toggle-heading\">Erforderliches Diplom<\/span><\/a><\/h4><\/div><div id=\"9ee65f60b0d9b0607\" class=\"panel-collapse collapse \" aria-labelledby=\"toggle_9ee65f60b0d9b0607\"><div class=\"panel-body toggle-content fusion-clearfix\">\n<p>Kraftfahrer aus den folgenden Kontinenten k\u00f6nnen einen nationalen F\u00fchrerschein erwerben:<\/p>\n<p>Die Europ\u00e4ische Union<br \/>\nGro\u00dfbritannien<br \/>\nVereinigten Staaten von Amerika<br \/>\nAustralien<br \/>\nNorwegen<br \/>\nIsland<br \/>\nLiechtenstein<br \/>\nChina<br \/>\nGibraltar<br \/>\nAlle anderen ben\u00f6tigen ein Internationales Diplom und ein Nationales Diplom.<\/p>\n<\/div><\/div><\/div><div class=\"fusion-panel panel-default panel-2b2a41675b5069e41 fusion-toggle-has-divider\" style=\"--awb-title-color:var(--awb-color4);--awb-content-color:var(--awb-color8);\"><div class=\"panel-heading\"><h4 class=\"panel-title toggle\" id=\"toggle_2b2a41675b5069e41\"><a aria-expanded=\"false\" aria-controls=\"2b2a41675b5069e41\" role=\"button\" data-toggle=\"collapse\" data-parent=\"#accordion-2971-1\" data-target=\"#2b2a41675b5069e41\" href=\"#2b2a41675b5069e41\"><span class=\"fusion-toggle-icon-wrapper\" aria-hidden=\"true\"><i class=\"fa-fusion-box active-icon fa-arrow-alt-circle-down far\" aria-hidden=\"true\"><\/i><i class=\"fa-fusion-box inactive-icon fa-arrow-alt-circle-up far\" aria-hidden=\"true\"><\/i><\/span><span class=\"fusion-toggle-heading\">Kann ich bei goniz-rentalcar ein Auto mieten?<\/span><\/a><\/h4><\/div><div id=\"2b2a41675b5069e41\" class=\"panel-collapse collapse \" aria-labelledby=\"toggle_2b2a41675b5069e41\"><div class=\"panel-body toggle-content fusion-clearfix\">\n<p>Sie k\u00f6nnen ein Auto von goniz-rentalcar mieten, wenn Sie zwischen 23 und 73 Jahre alt sind und einen F\u00fchrerschein f\u00fcr mindestens 1 Jahr besitzen. Der F\u00fchrerschein muss griechisch, europ\u00e4isch oder international (INT\/DL) sein.<\/p>\n<\/div><\/div><\/div><div class=\"fusion-panel panel-default panel-80fd84d2652fb19c2 fusion-toggle-has-divider\" style=\"--awb-title-color:var(--awb-color4);--awb-content-color:var(--awb-color8);\"><div class=\"panel-heading\"><h4 class=\"panel-title toggle\" id=\"toggle_80fd84d2652fb19c2\"><a aria-expanded=\"false\" aria-controls=\"80fd84d2652fb19c2\" role=\"button\" data-toggle=\"collapse\" data-parent=\"#accordion-2971-1\" data-target=\"#80fd84d2652fb19c2\" href=\"#80fd84d2652fb19c2\"><span class=\"fusion-toggle-icon-wrapper\" aria-hidden=\"true\"><i class=\"fa-fusion-box active-icon fa-arrow-alt-circle-down far\" aria-hidden=\"true\"><\/i><i class=\"fa-fusion-box inactive-icon fa-arrow-alt-circle-up far\" aria-hidden=\"true\"><\/i><\/span><span class=\"fusion-toggle-heading\">Kann ich auch ohne Kreditkarte mieten?<\/span><\/a><\/h4><\/div><div id=\"80fd84d2652fb19c2\" class=\"panel-collapse collapse \" aria-labelledby=\"toggle_80fd84d2652fb19c2\"><div class=\"panel-body toggle-content fusion-clearfix\">\n<p>Sie ben\u00f6tigen eine VISA\/Mastercard-Kreditkarte auf den Namen des Fahrers, um die Kaution zu bezahlen. Wenn Sie keine Kreditkarte haben, kontaktieren Sie uns bitte<\/p>\n<\/div><\/div><\/div><div class=\"fusion-panel panel-default panel-3144ef8482fd5cd9e fusion-toggle-has-divider\" style=\"--awb-title-color:var(--awb-color4);--awb-content-color:var(--awb-color8);\"><div class=\"panel-heading\"><h4 class=\"panel-title toggle\" id=\"toggle_3144ef8482fd5cd9e\"><a aria-expanded=\"false\" aria-controls=\"3144ef8482fd5cd9e\" role=\"button\" data-toggle=\"collapse\" data-parent=\"#accordion-2971-1\" data-target=\"#3144ef8482fd5cd9e\" href=\"#3144ef8482fd5cd9e\"><span class=\"fusion-toggle-icon-wrapper\" aria-hidden=\"true\"><i class=\"fa-fusion-box active-icon fa-arrow-alt-circle-down far\" aria-hidden=\"true\"><\/i><i class=\"fa-fusion-box inactive-icon fa-arrow-alt-circle-up far\" aria-hidden=\"true\"><\/i><\/span><span class=\"fusion-toggle-heading\">Kann ich so viele Kilometer fahren, wie ich will?<\/span><\/a><\/h4><\/div><div id=\"3144ef8482fd5cd9e\" class=\"panel-collapse collapse \" aria-labelledby=\"toggle_3144ef8482fd5cd9e\"><div class=\"panel-body toggle-content fusion-clearfix\">\n<p>F\u00fcr Autovermietung f\u00fcr 1-3 Tage 100km\/Tag. In der Vermietung f\u00fcr einen Zeitraum von mehr als 3 Tagen korrekte Verwendung von Kilometern, und im Monat k\u00f6nnen Sie 2.500 Kilometer zu tun<\/p>\n<\/div><\/div><\/div><div class=\"fusion-panel panel-default panel-f61e76bfcbc99b6f7 fusion-toggle-has-divider\" style=\"--awb-title-color:var(--awb-color4);--awb-content-color:var(--awb-color8);\"><div class=\"panel-heading\"><h4 class=\"panel-title toggle\" id=\"toggle_f61e76bfcbc99b6f7\"><a aria-expanded=\"false\" aria-controls=\"f61e76bfcbc99b6f7\" role=\"button\" data-toggle=\"collapse\" data-parent=\"#accordion-2971-1\" data-target=\"#f61e76bfcbc99b6f7\" href=\"#f61e76bfcbc99b6f7\"><span class=\"fusion-toggle-icon-wrapper\" aria-hidden=\"true\"><i class=\"fa-fusion-box active-icon fa-arrow-alt-circle-down far\" aria-hidden=\"true\"><\/i><i class=\"fa-fusion-box inactive-icon fa-arrow-alt-circle-up far\" aria-hidden=\"true\"><\/i><\/span><span class=\"fusion-toggle-heading\">Was passiert mit dem Treibstoff im Mietwagen?<\/span><\/a><\/h4><\/div><div id=\"f61e76bfcbc99b6f7\" class=\"panel-collapse collapse \" aria-labelledby=\"toggle_f61e76bfcbc99b6f7\"><div class=\"panel-body toggle-content fusion-clearfix\">\n<p>Sie holen das Auto bei i-rentacar mit vollem Tank ab und geben es mit vollem Tank zur\u00fcck.<\/p>\n<\/div><\/div><\/div><div class=\"fusion-panel panel-default panel-151d5d4ebd2a9d43f fusion-toggle-has-divider\" style=\"--awb-title-color:var(--awb-color4);--awb-content-color:var(--awb-color8);\"><div class=\"panel-heading\"><h4 class=\"panel-title toggle\" id=\"toggle_151d5d4ebd2a9d43f\"><a aria-expanded=\"false\" aria-controls=\"151d5d4ebd2a9d43f\" role=\"button\" data-toggle=\"collapse\" data-parent=\"#accordion-2971-1\" data-target=\"#151d5d4ebd2a9d43f\" href=\"#151d5d4ebd2a9d43f\"><span class=\"fusion-toggle-icon-wrapper\" aria-hidden=\"true\"><i class=\"fa-fusion-box active-icon fa-arrow-alt-circle-down far\" aria-hidden=\"true\"><\/i><i class=\"fa-fusion-box inactive-icon fa-arrow-alt-circle-up far\" aria-hidden=\"true\"><\/i><\/span><span class=\"fusion-toggle-heading\">Was tue ich, wenn ich ein technisches Problem mit meinem Auto habe?<\/span><\/a><\/h4><\/div><div id=\"151d5d4ebd2a9d43f\" class=\"panel-collapse collapse \" aria-labelledby=\"toggle_151d5d4ebd2a9d43f\"><div class=\"panel-body toggle-content fusion-clearfix\">\n<p>Sollten Sie ein technisches Problem mit dem von Ihnen gemieteten Fahrzeug haben, kontaktieren Sie uns bitte umgehend unter<\/p>\n<p>(<a target=\"_self\" rel=\"noopener\">+30) 2321091000. <\/a> Wenn Sie sich an die Pannenhilfe wenden, sollten Sie die Marke des Fahrzeugs und sein Kennzeichen angeben.<\/p>\n<\/div><\/div><\/div><div class=\"fusion-panel panel-default panel-a89f4e09f6d6ebc25 fusion-toggle-has-divider\" style=\"--awb-title-color:var(--awb-color4);--awb-content-color:var(--awb-color8);\"><div class=\"panel-heading\"><h4 class=\"panel-title toggle\" id=\"toggle_a89f4e09f6d6ebc25\"><a aria-expanded=\"false\" aria-controls=\"a89f4e09f6d6ebc25\" role=\"button\" data-toggle=\"collapse\" data-parent=\"#accordion-2971-1\" data-target=\"#a89f4e09f6d6ebc25\" href=\"#a89f4e09f6d6ebc25\"><span class=\"fusion-toggle-icon-wrapper\" aria-hidden=\"true\"><i class=\"fa-fusion-box active-icon fa-arrow-alt-circle-down far\" aria-hidden=\"true\"><\/i><i class=\"fa-fusion-box inactive-icon fa-arrow-alt-circle-up far\" aria-hidden=\"true\"><\/i><\/span><span class=\"fusion-toggle-heading\">Was muss ich tun, wenn ich einen Unfall habe?<\/span><\/a><\/h4><\/div><div id=\"a89f4e09f6d6ebc25\" class=\"panel-collapse collapse \" aria-labelledby=\"toggle_a89f4e09f6d6ebc25\"><div class=\"panel-body toggle-content fusion-clearfix\">\n<p>Wenden Sie sich an die griechische Polizei (Tel. 100) und an die B\u00fcros von goniz-rentalcar unter der Telefonnummer <a target=\"_self\" rel=\"noopener\">(+30)2321091000,<\/a> damit sie Ihnen die Unfallhilfe zusenden.<\/p>\n<\/div><\/div><\/div><div class=\"fusion-panel panel-default panel-929b80d67fd24c136 fusion-toggle-has-divider\" style=\"--awb-title-color:var(--awb-color4);--awb-content-color:var(--awb-color8);\"><div class=\"panel-heading\"><h4 class=\"panel-title toggle\" id=\"toggle_929b80d67fd24c136\"><a aria-expanded=\"false\" aria-controls=\"929b80d67fd24c136\" role=\"button\" data-toggle=\"collapse\" data-parent=\"#accordion-2971-1\" data-target=\"#929b80d67fd24c136\" href=\"#929b80d67fd24c136\"><span class=\"fusion-toggle-icon-wrapper\" aria-hidden=\"true\"><i class=\"fa-fusion-box active-icon fa-arrow-alt-circle-down far\" aria-hidden=\"true\"><\/i><i class=\"fa-fusion-box inactive-icon fa-arrow-alt-circle-up far\" aria-hidden=\"true\"><\/i><\/span><span class=\"fusion-toggle-heading\">Was passiert, wenn ich den Mietwagen zu sp\u00e4t zur\u00fcckbringe?<\/span><\/a><\/h4><\/div><div id=\"929b80d67fd24c136\" class=\"panel-collapse collapse \" aria-labelledby=\"toggle_929b80d67fd24c136\"><div class=\"panel-body toggle-content fusion-clearfix\">\n<p>Nach 30 Minuten Versp\u00e4tung wird der ganze Tag berechnet.<\/p>\n<\/div><\/div><\/div><div class=\"fusion-panel panel-default panel-1530583afd5b2105c fusion-toggle-has-divider\" style=\"--awb-title-color:var(--awb-color4);--awb-content-color:var(--awb-color8);\"><div class=\"panel-heading\"><h4 class=\"panel-title toggle\" id=\"toggle_1530583afd5b2105c\"><a aria-expanded=\"false\" aria-controls=\"1530583afd5b2105c\" role=\"button\" data-toggle=\"collapse\" data-parent=\"#accordion-2971-1\" data-target=\"#1530583afd5b2105c\" href=\"#1530583afd5b2105c\"><span class=\"fusion-toggle-icon-wrapper\" aria-hidden=\"true\"><i class=\"fa-fusion-box active-icon fa-arrow-alt-circle-down far\" aria-hidden=\"true\"><\/i><i class=\"fa-fusion-box inactive-icon fa-arrow-alt-circle-up far\" aria-hidden=\"true\"><\/i><\/span><span class=\"fusion-toggle-heading\">Kann ich das Auto dort zur\u00fcckgeben, wo ich es m\u00f6chte und nicht dort, wo es vereinbart wurde?<\/span><\/a><\/h4><\/div><div id=\"1530583afd5b2105c\" class=\"panel-collapse collapse \" aria-labelledby=\"toggle_1530583afd5b2105c\"><div class=\"panel-body toggle-content fusion-clearfix\">\n<p>Die R\u00fcckgabe an einem anderen als dem vereinbarten Ort muss von goniz-rentalcar veranlasst werden und ist mit einem Aufpreis verbunden.<\/p>\n<\/div><\/div><\/div><\/div><\/div><div class=\"fusion-separator fusion-full-width-sep\" style=\"align-self: center;margin-left: auto;margin-right: auto;margin-top:20px;width:100%;\"><\/div><\/div><\/div><\/div><\/div>\n","protected":false},"excerpt":{"rendered":"","protected":false},"author":1,"featured_media":0,"parent":0,"menu_order":0,"comment_status":"closed","ping_status":"closed","template":"","meta":{"footnotes":""},"class_list":["post-2971","page","type-page","status-publish","hentry"],"_links":{"self":[{"href":"https:\/\/www.goniz-rentalcar.gr\/de\/wp-json\/wp\/v2\/pages\/2971","targetHints":{"allow":["GET"]}}],"collection":[{"href":"https:\/\/www.goniz-rentalcar.gr\/de\/wp-json\/wp\/v2\/pages"}],"about":[{"href":"https:\/\/www.goniz-rentalcar.gr\/de\/wp-json\/wp\/v2\/types\/page"}],"author":[{"embeddable":true,"href":"https:\/\/www.goniz-rentalcar.gr\/de\/wp-json\/wp\/v2\/users\/1"}],"replies":[{"embeddable":true,"href":"https:\/\/www.goniz-rentalcar.gr\/de\/wp-json\/wp\/v2\/comments?post=2971"}],"version-history":[{"count":2,"href":"https:\/\/www.goniz-rentalcar.gr\/de\/wp-json\/wp\/v2\/pages\/2971\/revisions"}],"predecessor-version":[{"id":2973,"href":"https:\/\/www.goniz-rentalcar.gr\/de\/wp-json\/wp\/v2\/pages\/2971\/revisions\/2973"}],"wp:attachment":[{"href":"https:\/\/www.goniz-rentalcar.gr\/de\/wp-json\/wp\/v2\/media?parent=2971"}],"curies":[{"name":"wp","href":"https:\/\/api.w.org\/{rel}","templated":true}]}}