{"id":3066,"date":"2023-07-27T13:35:01","date_gmt":"2023-07-27T10:35:01","guid":{"rendered":"https:\/\/www.goniz-rentalcar.gr\/%ce%b1%cf%83%cf%86%ce%ac%ce%bb%ce%b5%ce%b9%ce%b1-%cf%83%cf%85%ce%bd%ce%b1%ce%bb%ce%bb%ce%b1%ce%b3%cf%8e%ce%bd\/"},"modified":"2023-07-28T12:15:39","modified_gmt":"2023-07-28T09:15:39","slug":"%ce%b1%cf%83%cf%86%ce%ac%ce%bb%ce%b5%ce%b9%ce%b1-%cf%83%cf%85%ce%bd%ce%b1%ce%bb%ce%bb%ce%b1%ce%b3%cf%8e%ce%bd","status":"publish","type":"page","link":"https:\/\/www.goniz-rentalcar.gr\/de\/%ce%b1%cf%83%cf%86%ce%ac%ce%bb%ce%b5%ce%b9%ce%b1-%cf%83%cf%85%ce%bd%ce%b1%ce%bb%ce%bb%ce%b1%ce%b3%cf%8e%ce%bd\/","title":{"rendered":"Sicherheit der Transaktionen"},"content":{"rendered":"<div class=\"fusion-fullwidth fullwidth-box fusion-builder-row-1 fusion-flex-container has-pattern-background has-mask-background nonhundred-percent-fullwidth non-hundred-percent-height-scrolling\" style=\"--awb-border-radius-top-left:0px;--awb-border-radius-top-right:0px;--awb-border-radius-bottom-right:0px;--awb-border-radius-bottom-left:0px;--awb-flex-wrap:wrap;\" ><div class=\"fusion-builder-row fusion-row fusion-flex-align-items-flex-start fusion-flex-content-wrap\" style=\"max-width:1393.6px;margin-left: calc(-4% \/ 2 );margin-right: calc(-4% \/ 2 );\"><div class=\"fusion-layout-column fusion_builder_column fusion-builder-column-0 fusion_builder_column_1_1 1_1 fusion-flex-column\" style=\"--awb-bg-size:cover;--awb-width-large:100%;--awb-margin-top-large:0px;--awb-spacing-right-large:1.92%;--awb-margin-bottom-large:20px;--awb-spacing-left-large:1.92%;--awb-width-medium:100%;--awb-order-medium:0;--awb-spacing-right-medium:1.92%;--awb-spacing-left-medium:1.92%;--awb-width-small:100%;--awb-order-small:0;--awb-spacing-right-small:1.92%;--awb-spacing-left-small:1.92%;\"><div class=\"fusion-column-wrapper fusion-column-has-shadow fusion-flex-justify-content-flex-start fusion-content-layout-column\"><div class=\"fusion-text fusion-text-1\"><p>Sicherheit der Transaktionen<\/p>\n<p>Alle Kartenzahlungen werden \u00fcber die elektronische Zahlungsplattform \u201e &#8222;Nexi e-Commerce&#8220; abgewickelt, die TLS 1.2-Verschl\u00fcsselung mit 128-Bit-Verschl\u00fcsselungsprotokoll (Secure Sockets Layer \u2013 SSL) verwendet. Bei der Verschl\u00fcsselung werden Informationen so lange verschl\u00fcsselt, bis sie den vorgesehenen Empf\u00e4nger erreichen, der sie mit dem entsprechenden Schl\u00fcssel entschl\u00fcsseln kann.<\/p>\n<\/div><\/div><\/div><\/div><\/div>\n","protected":false},"excerpt":{"rendered":"","protected":false},"author":1,"featured_media":0,"parent":0,"menu_order":0,"comment_status":"closed","ping_status":"closed","template":"","meta":{"footnotes":""},"class_list":["post-3066","page","type-page","status-publish","hentry"],"_links":{"self":[{"href":"https:\/\/www.goniz-rentalcar.gr\/de\/wp-json\/wp\/v2\/pages\/3066","targetHints":{"allow":["GET"]}}],"collection":[{"href":"https:\/\/www.goniz-rentalcar.gr\/de\/wp-json\/wp\/v2\/pages"}],"about":[{"href":"https:\/\/www.goniz-rentalcar.gr\/de\/wp-json\/wp\/v2\/types\/page"}],"author":[{"embeddable":true,"href":"https:\/\/www.goniz-rentalcar.gr\/de\/wp-json\/wp\/v2\/users\/1"}],"replies":[{"embeddable":true,"href":"https:\/\/www.goniz-rentalcar.gr\/de\/wp-json\/wp\/v2\/comments?post=3066"}],"version-history":[{"count":2,"href":"https:\/\/www.goniz-rentalcar.gr\/de\/wp-json\/wp\/v2\/pages\/3066\/revisions"}],"predecessor-version":[{"id":3078,"href":"https:\/\/www.goniz-rentalcar.gr\/de\/wp-json\/wp\/v2\/pages\/3066\/revisions\/3078"}],"wp:attachment":[{"href":"https:\/\/www.goniz-rentalcar.gr\/de\/wp-json\/wp\/v2\/media?parent=3066"}],"curies":[{"name":"wp","href":"https:\/\/api.w.org\/{rel}","templated":true}]}}